{"id":2,"date":"2015-03-19T14:24:44","date_gmt":"2015-03-19T14:24:44","guid":{"rendered":"http:\/\/www.peripateticos.info\/?page_id=2"},"modified":"2015-03-21T18:32:01","modified_gmt":"2015-03-21T18:32:01","slug":"pagina-ejemplo","status":"publish","type":"page","link":"https:\/\/www.peripateticos.info\/?page_id=2","title":{"rendered":"Peripat\u00e9ticos"},"content":{"rendered":"<h1 id=\"firstHeading\" class=\"firstHeading\" lang=\"es\">Escuela peripat\u00e9tica<\/h1>\n<p>&nbsp;<\/p>\n<p>La\u00a0<b>escuela peripat\u00e9tica<\/b>\u00a0fue un c\u00edrculo filos\u00f3fico de la\u00a0<a class=\"mw-redirect\" title=\"Grecia antigua\" href=\"http:\/\/es.wikipedia.org\/wiki\/Grecia_antigua\">Grecia antigua<\/a>. B\u00e1sicamente, segu\u00eda las ense\u00f1anzas de\u00a0<a title=\"Arist\u00f3teles\" href=\"http:\/\/es.wikipedia.org\/wiki\/Arist%C3%B3teles\">Arist\u00f3teles<\/a>, su fundador. Sus seguidores recib\u00edan el nombre de\u00a0<b>peripat\u00e9ticos<\/b>\u00a0(\u03c0\u03b5\u03c1\u03b9\u03c0\u03b1\u03c4\u03b7\u03c4\u03b9\u03ba\u03bf\u03af).<\/p>\n<p>&nbsp;<\/p>\n<h2><span id=\"Historia\" class=\"mw-headline\">Historia<\/span><\/h2>\n<p>&nbsp;<\/p>\n<p>Arist\u00f3teles fund\u00f3 la Escuela peripat\u00e9tica en el\u00a0<a title=\"A\u00f1os 330 a. C.\" href=\"http:\/\/es.wikipedia.org\/wiki\/A%C3%B1os_330_a._C.\">335\u00a0a.\u00a0C.<\/a>\u00a0cuando abri\u00f3 su primera escuela filos\u00f3fica en el\u00a0<a title=\"Liceo\" href=\"http:\/\/es.wikipedia.org\/wiki\/Liceo\">Liceo<\/a>, tambi\u00e9n fundado por \u00e9l, en\u00a0<a title=\"Atenas\" href=\"http:\/\/es.wikipedia.org\/wiki\/Atenas\">Atenas<\/a>. El nombre de la escuela procede de la palabra griega \u2018ambulante\u2019 o \u2018itinerante\u2019. Esto puede proceder, o bien por los portales cubiertos del Liceo conocidos como\u00a0<i>per\u00edpatoi<\/i>, o bien por los enramados elevados bajo los que caminaba Arist\u00f3teles mientras le\u00eda.<\/p>\n<p>Los m\u00e1s afamados miembros de la Escuela peripat\u00e9tica despu\u00e9s de Arist\u00f3teles fueron\u00a0<a title=\"Teofrasto\" href=\"http:\/\/es.wikipedia.org\/wiki\/Teofrasto\">Teofrasto<\/a>, famoso por sus\u00a0<i>Caracteres<\/i>\u00a0\u2013retratos de tipos morales muy admirados\u2013 y sus trabajos sobre bot\u00e1nica, y\u00a0<a class=\"mw-redirect\" title=\"Estrat\u00f3n de Lampsaco\" href=\"http:\/\/es.wikipedia.org\/wiki\/Estrat%C3%B3n_de_Lampsaco\">Estrat\u00f3n de Lampsaco<\/a>, quien increment\u00f3 los elementos naturales de la filosof\u00eda de Arist\u00f3teles y abraz\u00f3 una forma de\u00a0<a title=\"Ate\u00edsmo\" href=\"http:\/\/es.wikipedia.org\/wiki\/Ate%C3%ADsmo\">ate\u00edsmo<\/a>.<\/p>\n","protected":false},"excerpt":{"rendered":"<p>Escuela peripat\u00e9tica &nbsp; La\u00a0escuela peripat\u00e9tica\u00a0fue un c\u00edrculo filos\u00f3fico de la\u00a0Grecia antigua. B\u00e1sicamente, segu\u00eda las ense\u00f1anzas de\u00a0Arist\u00f3teles, su fundador. Sus seguidores recib\u00edan el nombre de\u00a0peripat\u00e9ticos\u00a0(\u03c0\u03b5\u03c1\u03b9\u03c0\u03b1\u03c4\u03b7\u03c4\u03b9\u03ba\u03bf\u03af). &nbsp; Historia &nbsp; Arist\u00f3teles fund\u00f3 la Escuela peripat\u00e9tica en el\u00a0335\u00a0a.\u00a0C.\u00a0cuando abri\u00f3 su primera escuela filos\u00f3fica en &#8230; <a class=\"more-link\" href=\"https:\/\/www.peripateticos.info\/?page_id=2\">Leer m\u00e1s &raquo;<\/a><\/p>\n","protected":false},"author":1,"featured_media":0,"parent":0,"menu_order":0,"comment_status":"open","ping_status":"open","template":"","meta":{"footnotes":""},"class_list":["post-2","page","type-page","status-publish","hentry"],"_links":{"self":[{"href":"https:\/\/www.peripateticos.info\/index.php?rest_route=\/wp\/v2\/pages\/2"}],"collection":[{"href":"https:\/\/www.peripateticos.info\/index.php?rest_route=\/wp\/v2\/pages"}],"about":[{"href":"https:\/\/www.peripateticos.info\/index.php?rest_route=\/wp\/v2\/types\/page"}],"author":[{"embeddable":true,"href":"https:\/\/www.peripateticos.info\/index.php?rest_route=\/wp\/v2\/users\/1"}],"replies":[{"embeddable":true,"href":"https:\/\/www.peripateticos.info\/index.php?rest_route=%2Fwp%2Fv2%2Fcomments&post=2"}],"version-history":[{"count":1,"href":"https:\/\/www.peripateticos.info\/index.php?rest_route=\/wp\/v2\/pages\/2\/revisions"}],"predecessor-version":[{"id":20,"href":"https:\/\/www.peripateticos.info\/index.php?rest_route=\/wp\/v2\/pages\/2\/revisions\/20"}],"wp:attachment":[{"href":"https:\/\/www.peripateticos.info\/index.php?rest_route=%2Fwp%2Fv2%2Fmedia&parent=2"}],"curies":[{"name":"wp","href":"https:\/\/api.w.org\/{rel}","templated":true}]}}